{"id":1032,"date":"2023-09-27T10:53:41","date_gmt":"2023-09-27T10:53:41","guid":{"rendered":"https:\/\/signifind.com\/imprint\/"},"modified":"2024-04-02T16:41:26","modified_gmt":"2024-04-02T16:41:26","slug":"imprint","status":"publish","type":"page","link":"https:\/\/signifind.com\/en\/imprint\/","title":{"rendered":"Imprint"},"content":{"rendered":"\n<div class=\"row\"  id=\"row-1778023108\">\n\n\n\t<div id=\"col-1520668921\" class=\"col medium-4 small-12 large-4\"  >\n\t\t\t\t<div class=\"col-inner\"  >\n\t\t\t\n\t\t\t\n\n<h3 class=\"uppercase\">Imprint<\/h3>\n<p> <\/p>\n<p><strong>SIGNIFIND &#8211; <\/strong>Coaching &#038; Consulting<br\/>Michaela G\u00f6tz <br\/>Grusonstra\u00dfe 18c<br\/>80939 Munich <br\/>Phone +49 176 22 13 17 34<br\/><a href=\"mailto:info@signifind.com\">info@signifind.com<\/a><\/p>\n<p>Inhaltlich Verantwortlicher <br\/>gem\u00e4\u00df \u00a710 Absatz 3 MDStV:<br\/>Michaela G\u00f6tz<br\/>USt-Id Nr: DE322013937<\/p>\n\n\t\t<\/div>\n\t\t\t\t\t<\/div>\n\n\t\n\n\t<div id=\"col-147657514\" class=\"col medium-8 small-12 large-8\"  >\n\t\t\t\t<div class=\"col-inner\"  >\n\t\t\t\n\t\t\t\n\n<h3 class=\"uppercase\">COPYright &#038; haftung<\/h3>\n<p> <\/p>\n<p>liability <br\/>Wir weisen ausdr\u00fccklich darauf hin, dass alle Angaben auf dieser Webseite keine Zusicherung oder Garantie darstellen. Jegliche Haftung aufgrund von fehlerhaften, unvollst\u00e4ndigen oder veralteten Informationen wird ausgeschlossen. SIGNIFIND-Webseiten k\u00f6nnen Links zu Webseiten anderer Anbieter enthalten, auf die wir keinen Einfluss haben. Wir k\u00f6nnen daher keine Gew\u00e4hr f\u00fcr die Korrektheit und Qualit\u00e4t der dort bereitgestellten Informationen \u00fcbernehmen.<\/p>\n<p>COPYRIGHT <br\/>Alle verwendeten Fotos, Grafiken, Texte und alle sonstigen Bestandteile dieser Webseite unterliegen dem Copyright von SIGNIFIND, Michaela G\u00f6tz und sind Eigentum von SIGNIFIND sowie der jeweiligen Urheber. Jede Weiterverwendung des Materials ist ohne schriftliche Genehmigung unzul\u00e4ssig.<\/p>\n<p>Bildrechte \u00a9 Fotostudio Felikss Francer &#8211; M\u00fcnchen, Depositphoto<\/p>\n\n\t\t<\/div>\n\t\t\t\t\t<\/div>\n\n\t\n\n<\/div>\n","protected":false},"excerpt":{"rendered":"","protected":false},"author":1,"featured_media":0,"parent":0,"menu_order":2,"comment_status":"closed","ping_status":"closed","template":"","meta":{"footnotes":""},"class_list":["post-1032","page","type-page","status-publish","hentry"],"aioseo_notices":[],"_links":{"self":[{"href":"https:\/\/signifind.com\/en\/wp-json\/wp\/v2\/pages\/1032","targetHints":{"allow":["GET"]}}],"collection":[{"href":"https:\/\/signifind.com\/en\/wp-json\/wp\/v2\/pages"}],"about":[{"href":"https:\/\/signifind.com\/en\/wp-json\/wp\/v2\/types\/page"}],"author":[{"embeddable":true,"href":"https:\/\/signifind.com\/en\/wp-json\/wp\/v2\/users\/1"}],"replies":[{"embeddable":true,"href":"https:\/\/signifind.com\/en\/wp-json\/wp\/v2\/comments?post=1032"}],"version-history":[{"count":9,"href":"https:\/\/signifind.com\/en\/wp-json\/wp\/v2\/pages\/1032\/revisions"}],"predecessor-version":[{"id":1509,"href":"https:\/\/signifind.com\/en\/wp-json\/wp\/v2\/pages\/1032\/revisions\/1509"}],"wp:attachment":[{"href":"https:\/\/signifind.com\/en\/wp-json\/wp\/v2\/media?parent=1032"}],"curies":[{"name":"wp","href":"https:\/\/api.w.org\/{rel}","templated":true}]}}